{"id":235,"date":"2009-04-19T10:01:37","date_gmt":"2009-04-19T09:01:37","guid":{"rendered":"http:\/\/www.singvoegel.com\/index.php\/singv\u00f8gel-in-mp3\/"},"modified":"2024-03-20T11:51:48","modified_gmt":"2024-03-20T10:51:48","slug":"singvoegel-in-mp3","status":"publish","type":"page","link":"http:\/\/www.singvoegel.com\/index.php\/singvoegel-in-mp3\/","title":{"rendered":"Singv\u00f8gel zum Download"},"content":{"rendered":"<p>Hier k\u00f6nnt ihr Singv\u00f8gel-Songs als MP3 einzeln oder als Album direkt kaufen und downloaden. Wer kein Geld \u00fcbers Internet verschicken will (also kein PayPal oder \u00e4hnliches hat) kann auch direkt \u00fcberweisen (Dieselben Kontodaten wie <a href=\"http:\/\/www.singvoegel.com\/index.php\/cds-der-singvoegel-bestellen\/\">bei einer CD-Bestellung<\/a>) und uns unter kontakt at singvoegel dot com eine Mail schreiben. Dann bekommt ihr einen Downloadlink auf eure Mailadresse zugeschickt. Das selbe gilt auch f\u00fcr andere digitale Formate als mp3 (Flac, M4A o.\u00e4., wo angeboten).<\/p>\n<p>Nat\u00fcrlich gibt es uns auch bei iTunes, Amazon, 7digital, u.v.m. &#8211; Wenn ihr m\u00f6chtet, dass der gr\u00f6\u00dfte Teil dessen, was ihr bezahlt, aber wirklich bei uns ankommt, dann kauft ihr bitte bei CD-Baby, dooload, Bandcamp oder Google Play, oder per E-Mail direkt bei uns&#8230;<\/p>\n<p>Zu den Alben <a href=\"http:\/\/www.cdbaby.com\/Artist\/Singvogel\" target=\"_blank\" rel=\"noopener\">-&gt; &#8222;WESTWIND&#8220; und &#8222;JETZT&#8220; auf CD Baby<\/a><br \/>Zum <a href=\"http:\/\/singvoegel.bandcamp.com\/\" target=\"_blank\" rel=\"noopener\">Singv\u00f8gel-Shop mit &#8222;WESTWIND&#8220;, &#8222;JETZT&#8220; und &#8222;F\u00fcr Zeiten wie diese&#8220;auf Bandcamp<\/a> &#8211; hier kann man auch Bundles Download &amp; CD zusammen erwerben.<br \/><br \/><\/p>\n<hr style=\"border: 2pt solid #F78C40;\" \/>\n<p><img loading=\"lazy\" decoding=\"async\" class=\"alignright size-medium wp-image-615\" src=\"http:\/\/www.singvoegel.com\/wp-content\/westwind_cover_800-300x300.jpg\" alt=\"westwind_cover_800\" width=\"300\" height=\"300\" srcset=\"http:\/\/www.singvoegel.com\/wp-content\/westwind_cover_800-300x300.jpg 300w, http:\/\/www.singvoegel.com\/wp-content\/westwind_cover_800-150x150.jpg 150w, http:\/\/www.singvoegel.com\/wp-content\/westwind_cover_800.jpg 800w\" sizes=\"(max-width: 300px) 100vw, 300px\" \/><\/p>\n<h2>WESTWIND<\/h2>\n<p><a href=\"http:\/\/www.singvoegel.com\/index.php\/category\/cd-westwind\/\">Liederliste<\/a><\/p>\n<p>Download bei Bandcamp (mp3 oder flac): <a href=\"http:\/\/singvoegel.bandcamp.com\/album\/westwind\" target=\"_blank\" rel=\"noopener\"><br \/><strong>Album \u20ac 12,99<\/strong> oder 12 Einzeltracks<\/a><\/p>\n<p><a href=\"http:\/\/creativecommons.org\/licenses\/by-nc-nd\/4.0\/\" rel=\"license\"><img decoding=\"async\" style=\"border-width: 0;\" src=\"http:\/\/i.creativecommons.org\/l\/by-nc-nd\/4.0\/88x31.png\" alt=\"Creative Commons Lizenzvertrag\" \/><\/a><br \/>Dieses Werk ist lizenziert unter einer<br \/><a href=\"http:\/\/creativecommons.org\/licenses\/by-nc-nd\/4.0\/\" rel=\"license\">Creative Commons Namensnennung &#8211; Nicht kommerziell &#8211;<br \/>Keine Bearbeitungen 4.0 International Lizenz<\/a>.<\/p>\n<hr style=\"border: 1px solid #F78C40; clear: right;\" \/>\n<p><a href=\"http:\/\/www.cdbaby.com\/cd\/singvogel\" target=\"_blank\" rel=\"noopener\"><img decoding=\"async\" src=\"http:\/\/www.singvoegel.com\/wp-content\/jetzt_300.jpg\" alt=\"JETZT\" width=\"300px\" align=\"right\" border=\"0\" \/><\/a><\/p>\n<h2>JETZT<\/h2>\n<p><a href=\"http:\/\/www.singvoegel.com\/index.php\/category\/cd-jetzt\/\">Liederliste<\/a><\/p>\n<p>Download bei Bandcamp (mp3 oder flac): <a href=\"http:\/\/singvoegel.bandcamp.com\/album\/jetzt\" target=\"_blank\" rel=\"noopener\"><br \/><strong>Album \u20ac 11,99<\/strong> oder 9 Einzeltracks<\/a><\/p>\n<p><a href=\"http:\/\/creativecommons.org\/licenses\/by-nc-nd\/3.0\/de\/\" target=\"_blank\" rel=\"license noopener\"><img decoding=\"async\" style=\"border-width: 0;\" src=\"http:\/\/i.creativecommons.org\/l\/by-nc-nd\/3.0\/de\/88x31.png\" alt=\"Creative Commons Lizenzvertrag\" \/><\/a><br \/>Dieses Werk ist lizenziert unter einer<br \/><a href=\"http:\/\/creativecommons.org\/licenses\/by-nc-nd\/3.0\/de\/\" target=\"_blank\" rel=\"license noopener\">Creative Commons Namensnennung &#8211; Nicht Kommerziell &#8211;<br \/>Keine Bearbeitung 3.0 Deutschland Lizenz<\/a><\/p>\n<hr style=\"border: 1px solid #F78C40; clear: right;\" \/>\n<p><a href=\"https:\/\/play.google.com\/store\/music\/album\/Singv%C3%B8gel_F%C3%BCr_Zeiten_wie_diese?id=Bnhacnxa7egfpzhhv7jhg3eemaq\" target=\"_blank\" rel=\"noopener\"><img decoding=\"async\" src=\"http:\/\/www.singvoegel.com\/wp-content\/fzwd.jpg\" alt=\"F\u00fcr Zeiten wie diese\" align=\"right\" border=\"0\" \/><\/a><\/p>\n<h2>F\u00fcr Zeiten wie diese<\/h2>\n<p><a href=\"http:\/\/www.singvoegel.com\/index.php\/category\/cd-fur-zeiten-wie-diese\/\">Liederliste<\/a><\/p>\n<p>Download bei Bandcamp: <a href=\"http:\/\/singvoegel.bandcamp.com\/album\/f-r-zeiten-wie-diese\" target=\"_blank\" rel=\"noopener\"><strong>Album \u20ac 9,00<\/strong> oder 16 Einzeltracks<\/a><\/p>\n<hr style=\"border: 1px solid #F78C40; clear: right;\" \/>\n<p><a href=\"http:\/\/www.dooload.de\/main\/html\/shop\/index.php?_action=viewVoeDetails&amp;_detailId=1164&amp;_category=0\" target=\"_blank\" rel=\"noopener\"><img decoding=\"async\" style=\"align: right; border: 0;\" title=\"drei\" src=\"\/wp-content\/cd_drei.jpg\" alt=\"drei\" align=\"right\" border=\"0\" \/><\/a><\/p>\n<h2>drei<\/h2>\n<p><a href=\"http:\/\/www.singvoegel.com\/index.php\/category\/cd-drei\/\">Liederliste<\/a><br \/>Bitte direkt per Mail bestellen*: <a href=\"mailto:kontakt@singvoegel.com\" target=\"_blank\" rel=\"noopener\"><strong>Album \u20ac 9,99 <\/strong>oder 21 Einzeltracks<\/a><\/p>\n<hr style=\"border: 1px solid #F78C40; clear: right;\" \/>\n<p><a href=\"http:\/\/www.dooload.de\/main\/html\/shop\/index.php?_action=viewVoeDetails&amp;_detailId=1229&amp;_category=0\" target=\"_blank\" rel=\"noopener\"><img decoding=\"async\" title=\"Lieder sind...\" src=\"http:\/\/www.singvoegel.com\/wp-content\/uploads\/cd_lis.jpg\" alt=\"Lieder sind...\" align=\"right\" border=\"0\" \/><\/a><\/p>\n<h2>Lieder sind&#8230;<\/h2>\n<p><a href=\"http:\/\/www.singvoegel.com\/index.php\/category\/cd-lieder-sind\/\">Liederliste<\/a><\/p>\n<p>Bitte direkt per Mail bestellen*: <a href=\"mailto:kontakt@singvoegel.com\" target=\"_blank\" rel=\"noopener\"><strong>Album \u20ac 9,99 <\/strong>oder 21 Einzeltracks<\/a><\/p>\n<hr style=\"border: 1px solid #F78C40; clear: right;\" \/>\n<p><a href=\"http:\/\/www.dooload.de\/main\/html\/shop\/index.php?_action=viewVoeDetails&amp;_detailId=1238&amp;_category=0\" target=\"_blank\" rel=\"noopener\"><img decoding=\"async\" style=\"align: right; border: 0;\" title=\"Hart am Rande\" src=\"http:\/\/www.singvoegel.com\/wp-content\/uploads\/cd_har.jpg\" alt=\"Hart am rande\" align=\"right\" border=\"0\" \/><\/a><\/p>\n<h2>Hart am Rande<\/h2>\n<p><a href=\"http:\/\/www.singvoegel.com\/index.php\/category\/cd-hart-am-rande\/\">Liederliste<\/a><\/p>\n<p>Bitte direkt per Mail bestellen*: <a href=\"mailto:kontakt@singvoegel.com\" target=\"_blank\" rel=\"noopener\"><strong>Album \u20ac 9,99 <\/strong>oder 21 Einzeltracks<\/a><\/p>\n<hr style=\"border: 1px solid #F78C40; clear: right;\" \/>\n\n\n<p>*Bezahlung via <strong><a href=\"http:\/\/paypal.me\/singvoegel\" target=\"_blank\" rel=\"noreferrer noopener\">PayPal<\/a><\/strong> ist ebenfalls m\u00f6glich. Bitte schreibt uns sicherheitshalber dennoch eine gesonderte Mail mit eurer Mailadresse f\u00fcr den Download-Link und wann ihr die PayPal-\u00dcberweisung get\u00e4tigt habt, damit alles reibungslos funktioniert.<\/p>\n","protected":false},"excerpt":{"rendered":"<p>Hier k\u00f6nnt ihr Singv\u00f8gel-Songs als MP3 einzeln oder als Album direkt kaufen und downloaden. Wer kein Geld \u00fcbers Internet verschicken will (also kein PayPal oder \u00e4hnliches hat) kann auch direkt \u00fcberweisen (Dieselben Kontodaten wie bei einer CD-Bestellung) und uns unter kontakt at singvoegel dot com eine Mail schreiben. Dann bekommt ihr einen Downloadlink auf eure [&hellip;]<\/p>\n","protected":false},"author":4,"featured_media":583,"parent":0,"menu_order":2,"comment_status":"closed","ping_status":"closed","template":"","meta":{"footnotes":""},"class_list":["post-235","page","type-page","status-publish","has-post-thumbnail","czr-hentry"],"_links":{"self":[{"href":"http:\/\/www.singvoegel.com\/index.php\/wp-json\/wp\/v2\/pages\/235"}],"collection":[{"href":"http:\/\/www.singvoegel.com\/index.php\/wp-json\/wp\/v2\/pages"}],"about":[{"href":"http:\/\/www.singvoegel.com\/index.php\/wp-json\/wp\/v2\/types\/page"}],"author":[{"embeddable":true,"href":"http:\/\/www.singvoegel.com\/index.php\/wp-json\/wp\/v2\/users\/4"}],"replies":[{"embeddable":true,"href":"http:\/\/www.singvoegel.com\/index.php\/wp-json\/wp\/v2\/comments?post=235"}],"version-history":[{"count":18,"href":"http:\/\/www.singvoegel.com\/index.php\/wp-json\/wp\/v2\/pages\/235\/revisions"}],"predecessor-version":[{"id":1470,"href":"http:\/\/www.singvoegel.com\/index.php\/wp-json\/wp\/v2\/pages\/235\/revisions\/1470"}],"wp:featuredmedia":[{"embeddable":true,"href":"http:\/\/www.singvoegel.com\/index.php\/wp-json\/wp\/v2\/media\/583"}],"wp:attachment":[{"href":"http:\/\/www.singvoegel.com\/index.php\/wp-json\/wp\/v2\/media?parent=235"}],"curies":[{"name":"wp","href":"https:\/\/api.w.org\/{rel}","templated":true}]}}