{"id":569,"date":"2013-08-25T21:09:54","date_gmt":"2013-08-25T20:09:54","guid":{"rendered":"http:\/\/www.singvoegel.com\/?page_id=569"},"modified":"2015-05-17T08:18:53","modified_gmt":"2015-05-17T07:18:53","slug":"das-aktuelle-singvogel-album-jetzt","status":"publish","type":"page","link":"http:\/\/www.singvoegel.com\/index.php\/das-aktuelle-singvogel-album-jetzt\/","title":{"rendered":"JETZT"},"content":{"rendered":"<p>Volle zehn Jahre nahmen sich die Singv\u00f8gel Zeit, um ihren unverwechselbaren Stil zu entwickeln und auszubauen. Vermeintlich unvereinbare Gegens\u00e4tze wurden in dieser Zeit zu einem unwiderstehlichen, spannungsgeladenen musikalischen Gesamtkunstwerk. Kaum eine andere Band ist so kontrast- und facettenreich, so flexibel und dabei dennoch in sich homogen und an ihrem einzigartigen Stil erkennbar.<\/p>\n<p>&nbsp;<\/p>\n<div style=\"text-align: center;\"><iframe style=\"border: 0; width: 700px; height: 1103px;\" src=\"http:\/\/bandcamp.com\/EmbeddedPlayer\/album=769325808\/size=large\/bgcol=333333\/linkcol=ffffff\/transparent=true\/\" seamless><a href=\"http:\/\/singvoegel.bandcamp.com\/album\/jetzt\">JETZT by Singv\u00f8gel<\/a><\/iframe><\/div>\n<p>Im Fr\u00fchjahr 2012 taten sich die Singv\u00f8gel mit dem Produzenten <a href=\"http:\/\/ingovogelmann.com\" target=\"_blank\">Ingo Vogelmann<\/a> zusammen, um die Band auf eine neue Entwicklungsstufe zu heben. Mit ihrem ersten professionell produzierten Album betritt mit den Singv\u00f8geln JETZT eine voll entwickelte, ausgereifte Band die B\u00fchne, die es JETZT wissen will. Mit der hochklassigen Videoproduktion von George P. Schnyder (<a href=\"http:\/\/microrebels.com\" target=\"_blank\">MicroRebels<\/a>) zu dem monumentalen Epos DEA DIA zeigt die Band einmal mehr, dass sie es Ernst meinen.<\/p>\n<p>&nbsp;<\/p>\n<p><iframe loading=\"lazy\" src=\"\/\/player.vimeo.com\/video\/54635960\" width=\"800\" height=\"450\" frameborder=\"0\" webkitallowfullscreen mozallowfullscreen allowfullscreen><\/iframe> <\/p>\n<p><a href=\"http:\/\/vimeo.com\/54635960\" target=\"_blank\">Singv\u00f8gel &#8211; Dea Dia &#8211; offizielles Video<\/a> von <a href=\"http:\/\/vimeo.com\/singvoegel\" target=\"_blank\">Singv&oslash;gel<\/a> on <a href=\"https:\/\/vimeo.com\" target=\"_blank\">Vimeo<\/a>.<\/p>\n<p>&nbsp;<\/p>\n<p>Das Album ist als Digital-Album erschienen und kann auf allen relevanten Plattformen geh\u00f6rt und gekauft werden. Aber auch eine klassische CD wurde produziert, verpackt in einem edlen Digipak und mit einem 20-seitigen Booklet mit allen Texten. Um die CD zu realisieren, riefen die Singv\u00f8gel ihre Fans zu einem <a href=\"http:\/\/www.pledgemusic.com\/artists\/singvoegel\" target=\"_blank\">Crowdfunding \u00fcber die Plattform PledgeMusic<\/a> auf. Und die Fans kamen.<\/p>\n<p>In wenigen Wochen war das Crowdfunding-Ziel von 100% sogar weit \u00fcbertroffen, so dass nicht nur die Pressung des Albums auf eine Silberscheibe auf diese neue und zeitgem\u00e4\u00dfe Art m\u00f6glich wurde. Die \u00dcberzeugung der Fans spricht ihre eigene Sprache. Das Versprechen, das Album bei erfolgreichem Crowdfunding unter einer Creative Commons-Lizenz zu ver\u00f6ffentlichen, haben die Singv\u00f8gel gern eingel\u00f6st.<\/p>\n<p><strong>Die ganze Geschichte im Weblog: <a href=\"http:\/\/www.singvoegel.com\/index.php\/tag\/JETZT\/\">Alles von den Aufnahmen \u00fcber den Videodreh bis zum Crowdfunding<\/a><\/strong><\/p>\n<p>Hier k\u00f6nnt ihr <a href=\"http:\/\/www.singvoegel.com\/index.php\/cds-der-singvoegel-bestellen\/\">JETZT als CD direkt bei uns bestellen<\/a><\/p>\n<p>Hier gibt es <a href=\"http:\/\/www.singvoegel.com\/index.php\/singvoegel-in-mp3\/\">JETZT in den Formaten MP3 oder FLAC<\/a><\/p>\n<p><strong>JETZT<\/strong><\/p>\n<p>1 <a href=\"http:\/\/www.singvoegel.com\/index.php\/pegasus\/\">Pegasus<\/a> 6:00<br \/>\n2 <a href=\"http:\/\/www.singvoegel.com\/index.php\/renn-elfe-renn\/\">Renn, Elfe, renn!<\/a> 4:36<br \/>\n3 <a href=\"http:\/\/www.singvoegel.com\/index.php\/der-wahnsinn-allein\/\">Der Wahnsinn allein<\/a> 3:42<br \/>\n4 <a href=\"http:\/\/www.singvoegel.com\/index.php\/aller-anfang-ist-meer\/\">Aller Anfang ist Meer<\/a> 6:23<br \/>\n5 <a href=\"http:\/\/www.singvoegel.com\/index.php\/dea-dia\/\">Dea Dia<\/a> 7:51<br \/>\n6 <a href=\"http:\/\/www.singvoegel.com\/index.php\/krahe-im-kopf\/\">Kr\u00e4he im Kopf<\/a> 5:30<br \/>\n7 <a href=\"http:\/\/www.singvoegel.com\/index.php\/auch\/\">Auch<\/a> 4:09<br \/>\n8 <a href=\"http:\/\/www.singvoegel.com\/index.php\/meistens-auf-der-flucht\/\">Meistens auf der Flucht<\/a> 4:27<br \/>\n9 <a href=\"http:\/\/www.singvoegel.com\/index.php\/pegasus\/\">Pegasus (Ambient Reprise)<\/a> 7:34<br \/>\nKARAN: Gesang, Gitarre, Bass, Fl\u00f6ten, Keys<br \/>\nDUKE MEYER: Gesang, Gitarre, Bass, Keys<br \/>\nSVEN SCHOLZ: Drums, Percussion<br \/>\nINGO VOGELMANN: Produktion, Mix, Mastering<br \/>\n<a href=\"http:\/\/creativecommons.org\/licenses\/by-nc-nd\/3.0\/de\/\" target=\"_blank\" rel=\"license\"><img decoding=\"async\" style=\"border-width: 0;\" alt=\"Creative Commons Lizenzvertrag\" src=\"http:\/\/i.creativecommons.org\/l\/by-nc-nd\/3.0\/de\/88x31.png\" \/><\/a><\/p>\n<p>JETZT steht unter der CC-Lizenz<br \/>\n<a href=\"http:\/\/creativecommons.org\/licenses\/by-nc-nd\/3.0\/de\/\" target=\"_blank\" rel=\"license\">Creative Commons Namensnennung &#8211; Nicht Kommerziell &#8211; Keine Bearbeitung 3.0 Deutschland<\/a><\/p>\n","protected":false},"excerpt":{"rendered":"<p>Volle zehn Jahre nahmen sich die Singv\u00f8gel Zeit, um ihren unverwechselbaren Stil zu entwickeln und auszubauen. Vermeintlich unvereinbare Gegens\u00e4tze wurden in dieser Zeit zu einem unwiderstehlichen, spannungsgeladenen musikalischen Gesamtkunstwerk. Kaum eine andere Band ist so kontrast- und facettenreich, so flexibel und dabei dennoch in sich homogen und an ihrem einzigartigen Stil erkennbar. &nbsp; JETZT by [&hellip;]<\/p>\n","protected":false},"author":4,"featured_media":560,"parent":0,"menu_order":0,"comment_status":"open","ping_status":"open","template":"","meta":{"footnotes":""},"class_list":["post-569","page","type-page","status-publish","has-post-thumbnail","czr-hentry"],"_links":{"self":[{"href":"http:\/\/www.singvoegel.com\/index.php\/wp-json\/wp\/v2\/pages\/569"}],"collection":[{"href":"http:\/\/www.singvoegel.com\/index.php\/wp-json\/wp\/v2\/pages"}],"about":[{"href":"http:\/\/www.singvoegel.com\/index.php\/wp-json\/wp\/v2\/types\/page"}],"author":[{"embeddable":true,"href":"http:\/\/www.singvoegel.com\/index.php\/wp-json\/wp\/v2\/users\/4"}],"replies":[{"embeddable":true,"href":"http:\/\/www.singvoegel.com\/index.php\/wp-json\/wp\/v2\/comments?post=569"}],"version-history":[{"count":15,"href":"http:\/\/www.singvoegel.com\/index.php\/wp-json\/wp\/v2\/pages\/569\/revisions"}],"predecessor-version":[{"id":1144,"href":"http:\/\/www.singvoegel.com\/index.php\/wp-json\/wp\/v2\/pages\/569\/revisions\/1144"}],"wp:featuredmedia":[{"embeddable":true,"href":"http:\/\/www.singvoegel.com\/index.php\/wp-json\/wp\/v2\/media\/560"}],"wp:attachment":[{"href":"http:\/\/www.singvoegel.com\/index.php\/wp-json\/wp\/v2\/media?parent=569"}],"curies":[{"name":"wp","href":"https:\/\/api.w.org\/{rel}","templated":true}]}}