{"id":598,"date":"2013-09-05T18:04:08","date_gmt":"2013-09-05T17:04:08","guid":{"rendered":"http:\/\/www.singvoegel.com\/?page_id=598"},"modified":"2017-01-08T17:05:24","modified_gmt":"2017-01-08T16:05:24","slug":"wer-sind-eigentlich-die-singvogel","status":"publish","type":"page","link":"http:\/\/www.singvoegel.com\/index.php\/wer-sind-eigentlich-die-singvogel\/","title":{"rendered":"Wer sind eigentlich die Singv\u00f8gel?"},"content":{"rendered":"<p>On Stage zu dritt: einer hinten, zwei vorne. Die beiden vorne \u2013 m\u00e4nnliche Stimme und weibliche \u2013 wechseln permanent die Instrumente (Gitarren, B\u00e4sse, Fl\u00f6ten&#8230;). Der hinten, der Schlagzeuger, verbindet die beiden Antipoden an der Front zu einer symbiotischen Einheit.<\/p>\n<p><strong>Singv\u00f8gel<\/strong> spielen Eigenmaterial. Eigene Kompositionen. Deutschsprachige Texte einer poetischen Qualit\u00e4t, die ihresgleichen sucht. Und werben mit Aussagen wie: \u201eIn unserem Alter singt man nicht mehr irgendwas.\u201c<\/p>\n<p>Im Jahr 2002 hat alles begonnen: Hier <strong>Karan<\/strong>, die in England am renommierten Dartington College of Arts Musik studierte und an der Universit\u00e4t von York ihren Master machte.<\/p>\n<p>Dort <strong>Duke Meyer<\/strong>, ein r\u00f6hrender Zwei-Meter-H\u00fchne, der schon in den Achtzigern die verstaubte deutsche Liedermacherszene mit wilden Performances und manchem Skand\u00e4lchen aufmischte.<\/p>\n<p>Diese beiden Gegens\u00e4tze verschmolzen ihre Songwriter-Repertoires und wurden Singv\u00f8gel.<\/p>\n<p>2006 kam mit <strong>Sven Scholz<\/strong> der Rhythmus dazu. Das Trio verwandelte sich in eine Rockband. Die Singv\u00f8gel fliegen seitdem durch den gesamten deutschsprachigen Raum und dar\u00fcber hinaus von England bis Italien und spielen an Lagerfeuern, in kleinen und gr\u00f6\u00dferen Clubs bis hin zu Festivalb\u00fchnen.<\/p>\n<div style=\"width: 810px\" class=\"wp-caption alignnone\"><a href=\"http:\/\/www.ipernity.com\/doc\/singvoegel\/11796034\" target=\"_blank\"><img loading=\"lazy\" decoding=\"async\" title=\"Singv\u00f8gel\" alt=\"Singv\u00f8gel\" src=\"http:\/\/u1.ipernity.com\/20\/60\/34\/11796034.f56ce9af.800.jpg?r1\" width=\"800\" height=\"532\" \/><\/a><p class=\"wp-caption-text\">Foto: \u00a9 Bettina Pfeuffer<\/p><\/div>\n<p>&nbsp;<\/p>\n<p>Mit dem ersten\u00a0professionell von <a href=\"http:\/\/ingovogelmann.com\" target=\"_blank\">Ingo Vogelmann<\/a> produzierten Album <a href=\"http:\/\/www.singvoegel.com\/index.php\/das-aktuelle-singvogel-album-jetzt\/\">JETZT<\/a> meldete das ambitionierte Trio 2012 seinen Anspruch auf Aufmerksamkeit in der deutschsprachigen Rock- und Popszene an. <\/p>\n<p>Und da sich diese Zusammenarbeit mehr als bew\u00e4hrt hat, legen die Singv\u00f8gel, wieder mit Ingo Vogelmann in der Rolle des Produzenten, im Jahr darauf gleich noch einmal nach: F\u00fcr die Aufnahmen f\u00fcr das Nachfolge-Album WESTWIND zogen sich die Singv\u00f8gel zwei Wochen lang <a href=\"http:\/\/www.singvoegel.com\/index.php\/achtung-aufnahme\/\">auf die Nordseeinsel R\u00f8m\u00f8 zur\u00fcck<\/a>. <\/p>\n<p>Zur Refinanzierung der Aufnahmen und Finanzierung der CD-Pressung haben die Singv\u00f8gel im Herbst 2013  <a href=\"http:\/\/www.pledgemusic.com\/projects\/westwind\" target=\"_blank\">wieder ein Crowdfunding gestartet<\/a>, das Mitte Februar 2014 erfolgreich abgeschlossen werden konnte. <\/p>\n<p>Und so, wie schon die Produktion des Albums JETZT mit Hilfe ihrer Fans als eigenst\u00e4ndiges und im besten Sinne unabh\u00e4ngiges Werk m\u00f6glich war, fanden sich auch diesmal wieder viele begeisterte Menschen ein, die Musik abseits eines stromlinienf\u00f6rmigen Mainstreams lieben und es den Singv\u00f8geln ein weiteres Mal m\u00f6glich machten, mit <a href=\"http:\/\/www.singvoegel.com\/index.php\/westwind\/\">WESTWIND<\/a> das n\u00e4chste beste Album, das die Singv\u00f8gel je heraus brachten, abzuliefern.<\/p>\n<p>&nbsp;<\/p>\n<p>&nbsp;<\/p>\n<p>Karan \u2013<em> Gesang, Gitarren, E-Bass, Piano, Keyboard, Querfl\u00f6te, Bordunfl\u00f6te, Shakuhachi<\/em><\/p>\n<p>Duke Meyer \u2013 <em>Gesang, E-Bass, Syn-Bass, Gitarren, Keyboard<\/em><\/p>\n<p>Sven Scholz \u2013 <em>Schlagzeug, Percussion<\/em><\/p>\n","protected":false},"excerpt":{"rendered":"<p>On Stage zu dritt: einer hinten, zwei vorne. Die beiden vorne \u2013 m\u00e4nnliche Stimme und weibliche \u2013 wechseln permanent die Instrumente (Gitarren, B\u00e4sse, Fl\u00f6ten&#8230;). Der hinten, der Schlagzeuger, verbindet die beiden Antipoden an der Front zu einer symbiotischen Einheit. Singv\u00f8gel spielen Eigenmaterial. Eigene Kompositionen. Deutschsprachige Texte einer poetischen Qualit\u00e4t, die ihresgleichen sucht. Und werben mit [&hellip;]<\/p>\n","protected":false},"author":4,"featured_media":0,"parent":0,"menu_order":0,"comment_status":"open","ping_status":"open","template":"","meta":{"footnotes":""},"class_list":["post-598","page","type-page","status-publish","czr-hentry"],"_links":{"self":[{"href":"http:\/\/www.singvoegel.com\/index.php\/wp-json\/wp\/v2\/pages\/598"}],"collection":[{"href":"http:\/\/www.singvoegel.com\/index.php\/wp-json\/wp\/v2\/pages"}],"about":[{"href":"http:\/\/www.singvoegel.com\/index.php\/wp-json\/wp\/v2\/types\/page"}],"author":[{"embeddable":true,"href":"http:\/\/www.singvoegel.com\/index.php\/wp-json\/wp\/v2\/users\/4"}],"replies":[{"embeddable":true,"href":"http:\/\/www.singvoegel.com\/index.php\/wp-json\/wp\/v2\/comments?post=598"}],"version-history":[{"count":15,"href":"http:\/\/www.singvoegel.com\/index.php\/wp-json\/wp\/v2\/pages\/598\/revisions"}],"predecessor-version":[{"id":1312,"href":"http:\/\/www.singvoegel.com\/index.php\/wp-json\/wp\/v2\/pages\/598\/revisions\/1312"}],"wp:attachment":[{"href":"http:\/\/www.singvoegel.com\/index.php\/wp-json\/wp\/v2\/media?parent=598"}],"curies":[{"name":"wp","href":"https:\/\/api.w.org\/{rel}","templated":true}]}}