{"id":97,"date":"2006-12-04T00:08:29","date_gmt":"2006-12-03T23:08:29","guid":{"rendered":"http:\/\/www.singvoegel.com\/index.php\/cds-der-singv\u00f8gel-bestellen\/"},"modified":"2024-03-20T09:59:36","modified_gmt":"2024-03-20T08:59:36","slug":"cds-der-singvoegel-bestellen","status":"publish","type":"page","link":"http:\/\/www.singvoegel.com\/index.php\/cds-der-singvoegel-bestellen\/","title":{"rendered":"Singv\u00f8gel auf CD"},"content":{"rendered":"<p>Hier k\u00f6nnt ihr <a href=\"#bestellen\">CDs der Singv\u00f8gel bestellen<\/a>. Einzelne Songs &#8211; und nat\u00fcrlich auch komplette Alben &#8211; <a href=\"http:\/\/www.singvoegel.com\/index.php\/singvoegel-in-mp3\/\">k\u00f6nnt ihr auch als MP3-Dateien downloaden<\/a>. Und wer gern beides h\u00e4tte sollte mal einen Blick in <a href=\"http:\/\/singvoegel.bandcamp.com\/\" target=\"_blank\" rel=\"noopener\">unseren Shop bei Bandcamp werfen<\/a>, da bieten wir g\u00fcnstige Bundles von Download und CDs zusammen an.<\/p>\n<hr style=\"border: 2pt solid #F78C40;\" \/>\n<p><img loading=\"lazy\" decoding=\"async\" class=\"alignright size-medium wp-image-615\" src=\"http:\/\/www.singvoegel.com\/wp-content\/westwind_cover_800-300x300.jpg\" alt=\"westwind_cover_800\" width=\"300\" height=\"300\" srcset=\"http:\/\/www.singvoegel.com\/wp-content\/westwind_cover_800-300x300.jpg 300w, http:\/\/www.singvoegel.com\/wp-content\/westwind_cover_800-150x150.jpg 150w, http:\/\/www.singvoegel.com\/wp-content\/westwind_cover_800.jpg 800w\" sizes=\"(max-width: 300px) 100vw, 300px\" \/><\/p>\n<h2>WESTWIND<\/h2>\n<p>Digipak, 20 Seiten Booklet<br \/>\n<a href=\"http:\/\/www.singvoegel.com\/index.php\/category\/cd-westwind\/\">Liederliste<\/a><\/p>\n<p>Label: sentense (LC-18478)<br \/>\nab Mitte Juni 2014<br \/>\nCD ca. 66min<\/p>\n<p><strong>\u20ac 16,00<\/strong><br \/>\n<a href=\"http:\/\/creativecommons.org\/licenses\/by-nc-nd\/4.0\/\" rel=\"license\"><img decoding=\"async\" style=\"border-width: 0;\" src=\"http:\/\/i.creativecommons.org\/l\/by-nc-nd\/4.0\/88x31.png\" alt=\"Creative Commons Lizenzvertrag\" \/><\/a><br \/>\nDieses Werk ist lizenziert unter einer<br \/>\n<a href=\"http:\/\/creativecommons.org\/licenses\/by-nc-nd\/4.0\/\" rel=\"license\">Creative Commons Namensnennung &#8211; Nicht kommerziell &#8211;<br \/>\nKeine Bearbeitungen 4.0 International Lizenz<\/a>.<\/p>\n<hr style=\"border: 1px solid #F78C40; clear: right;\" \/>\n<p><img decoding=\"async\" src=\"http:\/\/www.singvoegel.com\/wp-content\/jetzt_300.jpg\" alt=\"JETZT\" width=\"300px\" align=\"right\" border=\"0\" \/><\/p>\n<h2>JETZT<\/h2>\n<p>Digipak, 20 Seiten Booklet<br \/>\n<a href=\"http:\/\/www.singvoegel.com\/index.php\/category\/cd-jetzt\/\">Liederliste<\/a><\/p>\n<p>Label: sentense (LC-18478)<br \/>\nJanuar 2013<br \/>\nCD ca. 51min<\/p>\n<p><strong>\u20ac 16,00<\/strong><\/p>\n<p><a href=\"http:\/\/creativecommons.org\/licenses\/by-nc-nd\/3.0\/de\/\" target=\"_blank\" rel=\"license noopener\"><img decoding=\"async\" src=\"http:\/\/i.creativecommons.org\/l\/by-nc-nd\/3.0\/de\/88x31.png\" alt=\"Creative Commons Lizenzvertrag\" \/><\/a><br \/>\nDieses Werk ist lizenziert unter einer<br \/>\n<a href=\"http:\/\/creativecommons.org\/licenses\/by-nc-nd\/3.0\/de\/\" target=\"_blank\" rel=\"license noopener\">Creative Commons Namensnennung &#8211; Nicht Kommerziell &#8211;<br \/>\nKeine Bearbeitung 3.0 Deutschland Lizenz<\/a><\/p>\n<hr style=\"border: 1px solid #F78C40; clear: right;\" \/>\n<p><img decoding=\"async\" title=\"F\u00fcr Zeiten wie diese\" src=\"\/wp-content\/FZWD300.png\" alt=\"F\u00fcr Zeiten wie diese\" align=\"right\" border=\"0\" \/><\/p>\n<h2>F\u00fcr Zeiten wie diese<\/h2>\n<p>Digipak, 24 Seiten Booklet\u00a0(Abb. \u00e4hnlich)<br \/>\n<a href=\"http:\/\/www.singvoegel.com\/index.php\/category\/cd-fur-zeiten-wie-diese\/\">Liederliste<\/a><\/p>\n<p>Label: sentense (LC-18478)<br \/>\nMai 2011<br \/>\nCD ca. 69min.<\/p>\n<p><strong>\u20ac 12,00<\/strong><\/p>\n<hr style=\"border: 1px solid #F78C40; clear: right;\" \/>\n<h2><img decoding=\"async\" title=\"drei.jpg\" src=\"\/wp-content\/cd_drei.jpg\" alt=\"drei\" align=\"right\" border=\"0\" \/>drei<\/h2>\n<p>Jewelcase<br \/>\n<a href=\"http:\/\/www.singvoegel.com\/index.php\/category\/cd-drei\/\">Liederliste<\/a><\/p>\n<p>Label: sentense (LC-18478)<br \/>\nDezember 2007<br \/>\nCD ca. 60 min.<\/p>\n<p><strong>\u20ac 10,00<\/strong><\/p>\n<hr style=\"border: 2pt solid #F78C40; clear: right;\" \/>\n<h2>Fr\u00fchere CDs der Singv\u00f8gel aus Duo-Zeiten<\/h2>\n<hr style=\"border: 1px solid #F78C40;\" \/>\n<h2><img decoding=\"async\" title=\"cd_lis.jpg\" src=\"\/wp-content\/uploads\/cd_lis.jpg\" alt=\"Lieder sind\" align=\"right\" border=\"0\" \/>Lieder sind<\/h2>\n<p>Jewelcase<br \/>\n<a href=\"http:\/\/www.singvoegel.com\/index.php\/category\/cd-lieder-sind\/\">Liederliste<\/a><\/p>\n<p>April 2006<br \/>\nCD ca. 60 min.<\/p>\n<p><strong>\u20ac 10,00<\/strong><\/p>\n<hr style=\"border: 1px solid #F78C40; clear: right;\" \/>\n<h2><img decoding=\"async\" title=\"cd_har.jpg\" src=\"\/wp-content\/uploads\/cd_har.jpg\" alt=\"Hart am Rande\" align=\"right\" border=\"0\" \/>Hart am Rande<\/h2>\n<p><a href=\"http:\/\/www.singvoegel.com\/index.php\/category\/cd-hart-am-rande\/\">Liederliste<\/a><\/p>\n<p>Dez. 2003<br \/>\nCD 80 min.<\/p>\n<p><strong>Nur noch als mp3 erh\u00e4ltlich.<\/strong><br \/>\nBitte direkt per Mail bestellen: <a href=\"mailto:kontakt@singvoegel.com\" target=\"_blank\" rel=\"noopener\"><strong>Album \u20ac 9,99 <\/strong>oder 21 Einzeltracks<\/a><br \/>\n<a name=\"bestellen\"><\/a><\/p>\n<hr style=\"border: 2pt solid #F78C40; clear: right;\" \/>\n<h2>Bestellung:<\/h2>\n<p>Bei <strong>Lieferung gegen Vorkasse<\/strong>: Preis der CD(s) plus 3,- EUR Versand pro Sendung<\/p>\n<p><strong>oder per Nachnahme<\/strong>: Preis der CD(s) plus 3,- EUR Versand pro Sendung, zuz\u00fcglich Nachnahmegeb\u00fchr<\/p>\n<p>Bezahlung via <strong><a href=\"http:\/\/paypal.me\/singvoegel\" target=\"_blank\" rel=\"noopener\">PayPal<\/a><\/strong> ist ebenfalls m\u00f6glich. Bitte schreibt uns sicherheitshalber dennoch eine gesonderte Mail mit der Lieferadresse und wann ihr die PayPal-\u00dcberweisung get\u00e4tigt habt, damit alles reibungslos funktioniert.<\/p>\n<h2>Bestellung bitte per Mail schicken an:<br \/>\n<strong><a href=\"mailto:kontakt@singvoegel.com\">kontakt@singvoegel.com<\/a><\/strong><\/h2>\n<p>Wir schicken dann umgehend die Kontodaten f\u00fcr eine \u00dcberweisung*<\/p>\n<p>Nicht vergessen, die <strong>Adresse<\/strong> dazu zu schreiben, an die die Sendung gehen soll &#8211; und nicht vergessen, anzugeben, ob per <strong>Direkt\u00fcberweisung, PayPal<\/strong> oder per <strong>Nachnahme<\/strong> bestellt werden soll \ud83d\ude09<\/p>\n<p><em>* Wie wir feststellen &#8222;durften&#8220; ist es keine gute Idee, Kontodaten \u00f6ffentlich anzuzeigen, da es Webdienste gibt, die sich einen Dreck darum scheren, ob jemand korrekte eigene Kontodaten angibt oder irgendwelche fremden, und einfach mal abbuchen, ohne Unterschrift und ohne valide Identit\u00e4tsverifizierung. Ebenso scheinen Banken auch keine Unterschrift und nichts zu fordern, bevor sie eine Abbuchung tats\u00e4chlich zulassen. Drum k\u00f6nnen wir unsere Kontoangaben nicht mehr direkt angeben sondern m\u00fcssen um eine Mail-Anfrage bitten.<\/em><\/p>\n<p><strong>Widerrufsbelehrung<\/strong><\/p>\n<p><em>Widerrufsrecht<\/em><br \/>\nSie k\u00f6nnen Ihre Vertragserkl\u00e4rung innerhalb von zwei Wochen ohne Angabe von Gr\u00fcnden per Brief, Fax, EMail, Telefon oder durch R\u00fccksendung der Sache (was seit 6. Juni zwar nicht mehr rechtlich bindend ist, wir aber dennoch als Widerruf anerkennen, weil wir juristische Spitzfindigkeiten affig finden) widerrufen. Die Frist beginnt fr\u00fchestens mit Erhalt dieser Belehrung. Zur Wahrung der Widerrufsfrist gen\u00fcgt die rechtzeitige Absendung des Widerrufs oder der Sache. Die R\u00fccksendung\/der Widerruf ist zu richten an Singv\u00f8gel, c\/o Sven Scholz, Kastanienweg 7, 69509 M\u00f6rlenbach, der Widerruf kann auch per Mail an <a href=\"mailto:kontakt@singvoegel.com\">kontakt@singvoegel.com<\/a> erfolgen. F\u00fcr eine R\u00fcckerstattung eines geleisteten Kaufpreises bitte eine Bankverbindung angeben.<\/p>\n<p><em>Widerrufsfolgen<\/em><br \/>\nIm Falle eines wirksamen Widerrufs sind die beiderseits empfangenen Leistungen zur\u00fcckzugew\u00e4hren. K\u00f6nnen Sie uns die empfangene Leistung ganz oder teilweise nicht oder nur in verschlechtertem Zustand zur\u00fcckgew\u00e4hren, m\u00fcssen Sie uns insoweit ggf. Wertersatz leisten. Bei der \u00dcberlassung von Sachen gilt dies nicht, wenn die Verschlechterung der Sache ausschlie\u00dflich auf deren Pr\u00fcfung &#8212; wie sie Ihnen etwa im Ladengesch\u00e4ft m\u00f6glich gewesen w\u00e4re &#8212; zur\u00fcckzuf\u00fchren ist. Im \u00dcbrigen k\u00f6nnen Sie die Wertersatzpflicht vermeiden, indem Sie die Sache nicht wie ein Eigent\u00fcmer in Gebrauch nehmen und alles unterlassen, was deren Wert beeintr\u00e4chtigt. Paketversandf\u00e4hige Sachen k\u00f6nnen auf unsere Kosten und Gefahr zur\u00fcckgesendet werden, auch wenn dies seit 13. Juni 2014 nicht mehr verpflichtend ist.<\/p>\n<p>Super freundlich w\u00e4re, auch bei einer R\u00fccksendung auf unsere Kosten dennoch nicht unfrei zu versenden, um uns keine Mehrkosten zu verursachen. Wir \u00fcberweisen dann nat\u00fcrlich auch die Portokosten mit zur\u00fcck. Bitte sagt uns Bescheid, wenn wir das nicht zu tun brauchen, z.B. wenn ihr so fair sein m\u00f6chtet, uns keine Kosten f\u00fcr einen Irrtum, den wir nicht zu verantworten haben, zu verursachen und deshalb in einem solchen Fall vielleicht trotzdem das Porto selbst \u00fcbernehmen m\u00f6chtet.<\/p>\n<p>Die Europ\u00e4ische Kommission stellt demn\u00e4chst eine Plattform zur Online-Streitbeilegung (OS) bereit. Den Link werden wir an dieser Stelle ver\u00f6ffentlichen, sobald die Plattform existiert. (Fragt nicht, warum dieser Absatz hier steht&#8230;)<\/p>\n","protected":false},"excerpt":{"rendered":"<p>Hier k\u00f6nnt ihr CDs der Singv\u00f8gel bestellen. Einzelne Songs &#8211; und nat\u00fcrlich auch komplette Alben &#8211; k\u00f6nnt ihr auch als MP3-Dateien downloaden. Und wer gern beides h\u00e4tte sollte mal einen Blick in unseren Shop bei Bandcamp werfen, da bieten wir g\u00fcnstige Bundles von Download und CDs zusammen an. WESTWIND Digipak, 20 Seiten Booklet Liederliste Label: [&hellip;]<\/p>\n","protected":false},"author":4,"featured_media":615,"parent":0,"menu_order":3,"comment_status":"closed","ping_status":"closed","template":"","meta":{"footnotes":""},"class_list":["post-97","page","type-page","status-publish","has-post-thumbnail","czr-hentry"],"_links":{"self":[{"href":"http:\/\/www.singvoegel.com\/index.php\/wp-json\/wp\/v2\/pages\/97"}],"collection":[{"href":"http:\/\/www.singvoegel.com\/index.php\/wp-json\/wp\/v2\/pages"}],"about":[{"href":"http:\/\/www.singvoegel.com\/index.php\/wp-json\/wp\/v2\/types\/page"}],"author":[{"embeddable":true,"href":"http:\/\/www.singvoegel.com\/index.php\/wp-json\/wp\/v2\/users\/4"}],"replies":[{"embeddable":true,"href":"http:\/\/www.singvoegel.com\/index.php\/wp-json\/wp\/v2\/comments?post=97"}],"version-history":[{"count":20,"href":"http:\/\/www.singvoegel.com\/index.php\/wp-json\/wp\/v2\/pages\/97\/revisions"}],"predecessor-version":[{"id":1466,"href":"http:\/\/www.singvoegel.com\/index.php\/wp-json\/wp\/v2\/pages\/97\/revisions\/1466"}],"wp:featuredmedia":[{"embeddable":true,"href":"http:\/\/www.singvoegel.com\/index.php\/wp-json\/wp\/v2\/media\/615"}],"wp:attachment":[{"href":"http:\/\/www.singvoegel.com\/index.php\/wp-json\/wp\/v2\/media?parent=97"}],"curies":[{"name":"wp","href":"https:\/\/api.w.org\/{rel}","templated":true}]}}