{"id":98,"date":"2006-12-04T00:32:09","date_gmt":"2006-12-03T23:32:09","guid":{"rendered":"http:\/\/www.singvoegel.com\/index.php\/informationen-fur-presse-medien\/"},"modified":"2013-10-01T15:22:32","modified_gmt":"2013-10-01T14:22:32","slug":"informationen-fur-presse-medien","status":"publish","type":"page","link":"https:\/\/www.singvoegel.com\/index.php\/informationen-fur-presse-medien\/","title":{"rendered":"Informationen f\u00fcr Presse &#038; Medien"},"content":{"rendered":"<h3>Pressetext<\/h3>\n<blockquote><p>\nDie Singv\u00f8gel<\/p>\n<p>Schr\u00e4ge V\u00f6gel, diese Singv\u00f8gel: eine glockenhell wispernde Saitenzupferin neben einem bretternden und tief r\u00f6hrenden Zweimeter-H\u00fcnen &#8211; und dahinter kesselt ein exaltierter Ich-bin-nicht-nerv\u00f6s-ich-bin-Schlagzeuger, als gelte es, s\u00e4mtliche Vorurteile \u00fcber deutschen Pop zum Einsturz zu bringen. Es gilt: So kontrastreich wie die \u00e4u\u00dfere Erscheinung der Singv\u00f8gel sind auch ihre Songs.<\/p>\n<p>Nachdenkliche Singer-Songwriter-Balladen m\u00fcnden in rotzigen Geradeaus-Rock, und kreischende Stromgitarren passen supergut zu \u00e4therischen Querfl\u00f6ten. Die Singv\u00f8gel singen von Magie, Zwergen und Meerjungfrauen ebenso wie von korrupter Politik und der Verzweiflung einsamer N\u00e4chte in ungeheizten Dachwohnungen.<\/p>\n<p>Die Vermischung von Traum und Wirklichkeit ist Programm. Leidenschaft steckt dahinter, und ein schw\u00e4rmerisches &#8222;Trotzdem&#8220;: Seit 2006 zeigen Karan (Gesang, Gitarre, Bass, Fl\u00f6ten), Duke Meyer (Gesang, Gitarre, Bass) und Sven Scholz (Schlagzeug, Percussion), dass Lieder so unverwechselbar sein k\u00f6nnen wie pers\u00f6nliche Liebesbriefe &#8211; und genau so echt: &#8222;In unserem Alter singt man nicht mehr irgendwas.&#8220;<\/p>\n<p>Gef\u00fchle werden ebenso mit Gro\u00dfbuchstaben geschrieben wie die <del datetime=\"2010-12-23T19:24:24+00:00\">Inteligens<\/del> <del datetime=\"2010-12-23T19:24:24+00:00\">Intelecktuali<\/del> der Verstand. Die Reise geht auf dem R\u00fccken eines Zentauren unter Autobahnbr\u00fccken hindurch bis zu den Ufern der sieben Meere &#8211; immer der Sehnsucht nach.<\/p>\n<p>Karan &#8211; Gesang, Gitarren, E-Bass, Querfl\u00f6te, Bordunfl\u00f6te, Shakuhachi<br \/>\nDuke Meyer &#8211; Gesang, E-Bass, Syn-Bass, Gitarren<br \/>\nSven Scholz &#8211; Schlagzeug, Percussion<\/p>\n<p>Weitere Details (Texte, Tourdaten, CDs usw.) unter<\/p>\n<p>www.singvoegel.com<\/p><\/blockquote>\n<h3>Downloads<\/h3>\n<p><a href=\"http:\/\/www.singvoegel.com\/wp-content\/download\/flyer.pdf\" target=\"_blank\">Flyer<\/a> (A4, 3.3MB, PDF, HiRes, CMYK)<br \/>\n<a href=\"http:\/\/www.singvoegel.com\/wp-content\/download\/poster.pdf\" target=\"_blank\">Poster<\/a> (A3, 1.5 MB, PDF, HiRes, CMYK)<\/p>\n<p><a href=\"http:\/\/www.singvoegel.com\/wp-content\/download\/singvoegellogo_jpg.zip\" target=\"_blank\">Logos HiRes<\/a> (JPGs in 0.4 MB ZIP)<br \/>\n<a href=\"http:\/\/www.singvoegel.com\/wp-content\/download\/singvoegellogo_psd.zip\" target=\"_blank\">Transparentes Logo HiRes Photoshopdatei<\/a> (PSD in 2.4 MB ZIP)<\/p>\n<p><a href=\"http:\/\/www.singvoegel.com\/wp-content\/download\/fotos_logos.zip\" target=\"_blank\">Fotosammlung &amp; Logos Paket<\/a> (JPGs in 5.2 MB ZIP)<\/p>\n","protected":false},"excerpt":{"rendered":"<p>Pressetext Die Singv\u00f8gel Schr\u00e4ge V\u00f6gel, diese Singv\u00f8gel: eine glockenhell wispernde Saitenzupferin neben einem bretternden und tief r\u00f6hrenden Zweimeter-H\u00fcnen &#8211; und dahinter kesselt ein exaltierter Ich-bin-nicht-nerv\u00f6s-ich-bin-Schlagzeuger, als gelte es, s\u00e4mtliche Vorurteile \u00fcber deutschen Pop zum Einsturz zu bringen. Es gilt: So kontrastreich wie die \u00e4u\u00dfere Erscheinung der Singv\u00f8gel sind auch ihre Songs. Nachdenkliche Singer-Songwriter-Balladen m\u00fcnden in [&hellip;]<\/p>\n","protected":false},"author":4,"featured_media":0,"parent":0,"menu_order":8,"comment_status":"closed","ping_status":"closed","template":"","meta":{"footnotes":""},"class_list":["post-98","page","type-page","status-publish","czr-hentry"],"_links":{"self":[{"href":"https:\/\/www.singvoegel.com\/index.php\/wp-json\/wp\/v2\/pages\/98"}],"collection":[{"href":"https:\/\/www.singvoegel.com\/index.php\/wp-json\/wp\/v2\/pages"}],"about":[{"href":"https:\/\/www.singvoegel.com\/index.php\/wp-json\/wp\/v2\/types\/page"}],"author":[{"embeddable":true,"href":"https:\/\/www.singvoegel.com\/index.php\/wp-json\/wp\/v2\/users\/4"}],"replies":[{"embeddable":true,"href":"https:\/\/www.singvoegel.com\/index.php\/wp-json\/wp\/v2\/comments?post=98"}],"version-history":[{"count":3,"href":"https:\/\/www.singvoegel.com\/index.php\/wp-json\/wp\/v2\/pages\/98\/revisions"}],"predecessor-version":[{"id":663,"href":"https:\/\/www.singvoegel.com\/index.php\/wp-json\/wp\/v2\/pages\/98\/revisions\/663"}],"wp:attachment":[{"href":"https:\/\/www.singvoegel.com\/index.php\/wp-json\/wp\/v2\/media?parent=98"}],"curies":[{"name":"wp","href":"https:\/\/api.w.org\/{rel}","templated":true}]}}